{"id":403,"date":"2020-04-27T15:34:26","date_gmt":"2020-04-27T13:34:26","guid":{"rendered":"http:\/\/etudesl.cluster024.hosting.ovh.net\/?page_id=403"},"modified":"2021-05-11T19:55:59","modified_gmt":"2021-05-11T17:55:59","slug":"a-propos","status":"publish","type":"page","link":"https:\/\/etudesetanalyses.fr\/?page_id=403","title":{"rendered":"A PROPOS"},"content":{"rendered":"<p style=\"text-align: center;\"><strong><img loading=\"lazy\" class=\"alignnone size-medium wp-image-860\" src=\"https:\/\/etudesetanalyses.fr\/wp-content\/uploads\/2021\/05\/photo-profil-twitter-195x300.jpg\" alt=\"\" width=\"195\" height=\"300\" srcset=\"https:\/\/etudesetanalyses.fr\/wp-content\/uploads\/2021\/05\/photo-profil-twitter-195x300.jpg 195w, https:\/\/etudesetanalyses.fr\/wp-content\/uploads\/2021\/05\/photo-profil-twitter-918x1412.jpg 918w, https:\/\/etudesetanalyses.fr\/wp-content\/uploads\/2021\/05\/photo-profil-twitter-768x1182.jpg 768w, https:\/\/etudesetanalyses.fr\/wp-content\/uploads\/2021\/05\/photo-profil-twitter-998x1536.jpg 998w, https:\/\/etudesetanalyses.fr\/wp-content\/uploads\/2021\/05\/photo-profil-twitter-1331x2048.jpg 1331w, https:\/\/etudesetanalyses.fr\/wp-content\/uploads\/2021\/05\/photo-profil-twitter-1248x1920.jpg 1248w, https:\/\/etudesetanalyses.fr\/wp-content\/uploads\/2021\/05\/photo-profil-twitter.jpg 1664w\" sizes=\"(max-width: 195px) 100vw, 195px\" \/>\u00a0<\/strong><\/p>\n<p><strong>\u00a0<\/strong><strong>Quand on lit un livre, une \u00e9tude, une chronique, un article quelconque, on aime savoir qui en est l&rsquo;auteur. Cela permet de se faire une id\u00e9e pr\u00e9alable de sa personnalit\u00e9, de ses domaines de comp\u00e9tence ou d&rsquo;exp\u00e9rience, pour le situer culturellement. <\/strong><\/p>\n<p><strong>Je suis n\u00e9 le 3 d\u00e9cembre\u00a0 1949 \u00e0 Menton (Alpes Maritimes). J&rsquo;ai fait mes \u00e9tudes au lyc\u00e9e de cette ville, puis \u00e0 la facult\u00e9 de droit et de sciences \u00e9conomiques\u00a0 de\u00a0 Nice o\u00f9\u00a0 j&rsquo;ai obtenu une ma\u00eetrise\u00a0 en droit en 1971.\u00a0\u00a0<\/strong><strong>Ma\u00a0 vie a \u00e9t\u00e9 ensuite cadenc\u00e9e par mon cursus\u00a0 professionnel, qui m&rsquo;a amen\u00e9 \u00e0 Paris en 1977 en qualit\u00e9 d&rsquo;inspecteur des imp\u00f4ts. J&rsquo;ai gravi quelques \u00e9chelons dans cette administration que j&rsquo;ai quitt\u00e9e en 2001 avec le grade de directeur divisionnaire.<\/strong><\/p>\n<p><strong>\u00a0<\/strong><strong>Pendant\u00a0 cette\u00a0 p\u00e9riode,\u00a0 j&rsquo;ai fait beaucoup de fiscalit\u00e9, contr\u00f4l\u00e9 des entreprises moyennes, puis nationales, dont j&rsquo;ai pu analyser le mod\u00e8le \u00e9conomique et le fonctionnement. J&rsquo;ai \u00e9t\u00e9 en poste \u00e0 la direction g\u00e9n\u00e9rale de mon administration o\u00f9 mes fonctions m&rsquo;ont amen\u00e9 \u00e0 pr\u00e9parer les r\u00e9ponses de mon Ministre aux nombreuses r\u00e9clamations et requ\u00eates des particuliers et des parlementaires (ce qu&rsquo;on appelait alors les \u00ab\u00a0interventions\u00a0\u00bb). J&rsquo;ai \u00e9t\u00e9 enfin professeur \u00e0 l&rsquo;Ecole Nationale des imp\u00f4ts puis charg\u00e9 de cours \u00e0 l&rsquo;Universit\u00e9 de Paris. <\/strong><\/p>\n<p><strong>\u00a0<\/strong><strong>J&rsquo;ai \u00e9galement eu la chance, dans ce parcours, d&rsquo;avoir une exp\u00e9rience de cabinet minist\u00e9riel (charg\u00e9 de mission dans une direction de Matignon)qui m&rsquo;a permis d&rsquo;approcher le fonctionnement <\/strong><strong>de l&rsquo;Etat au plus haut niveau .<\/strong><\/p>\n<p><strong>\u00a0<\/strong><strong>D\u00e9tach\u00e9 ensuite\u00a0 dans le groupe Caisse des d\u00e9p\u00f4ts en 2001, je bascule dans un univers nouveau et je participe, au sein du groupe, \u00e0 beaucoup d&rsquo;op\u00e9rations d&rsquo;ing\u00e9nirie juridique et financi\u00e8re. <\/strong><\/p>\n<p><strong>\u00a0<\/strong><strong>Je quitte le groupe Caisse des d\u00e9p\u00f4ts. (en qualit\u00e9 de directeur juridique adjoint) lorsque j&rsquo;atteins l&rsquo;\u00e2ge limite de la retraite de la fonction publique (je n&rsquo;ai jamais voulu quitter, le statut de fonctionnaire \u00e0 la Caisse des d\u00e9p\u00f4ts, non par aversion du risque, mais par une sorte de fid\u00e9lit\u00e9 (que\u00a0 certains\u00a0 trouveront\u00a0 ridicule) \u00e0 cette\u00a0 administration des\u00a0 finances qui m&rsquo;avait form\u00e9 et sorti de ma province, ainsi qu&rsquo;\u00e0 la consid\u00e9ration que j&rsquo;ai toujours eue pour le service de l&rsquo;Etat.<\/strong><\/p>\n<p><strong>Encore\u00a0 gourmand\u00a0 d&rsquo;exp\u00e9riences\u00a0 nouvelles,\u00a0 je passe\u00a0 le\u00a0 petit examen pour l&rsquo;int\u00e9gration au Barreau de Paris que je rejoins en 2015. Je pr\u00eate serment au cours d&rsquo;une audience solennelle impressionnante, sans complexe, le seul \u00ab\u00a0v\u00e9t\u00e9ran\u00a0\u00bb au milieu de la promotion des jeunes issus de l&rsquo;Ecole du Barreau. Et je m&rsquo;enrichis encore (intellectuellement&#8230;) quelques ann\u00e9es de cette nouvelle exp\u00e9rience. <\/strong><\/p>\n<p><strong>\u00a0<\/strong><strong>C&rsquo;est pourquoi j&rsquo;ai deux attaches : Paris o\u00f9 je suis parti un jour comme beaucoup de provinciaux en comptant bien revenir au soleil rapidement et o\u00f9 j&rsquo;ai d\u00e9velopp\u00e9 des racines nouvelles (une sorte de \u00ab\u00a0marcottage\u00a0\u00bb comme diraient les jardiniers), et Menton, le terroir qui reste celui de mes racines v\u00e9ritables et les plus profondes. C&rsquo;est ce qu&rsquo;illustre la photo panoramique de la page d&rsquo;accueil de mon blog, o\u00f9 Paris et Menton sont s\u00e9par\u00e9s par un simple pont.<\/strong><\/p>\n<p><strong>\u00a0<\/strong><strong>Le sujet de mon premier article et l&rsquo;analyse que je fais des raisons de la gestion d\u00e9sastreuse que la France a eue de la pand\u00e9mie du Coronavirus pourrait\u00a0 donner\u00a0 \u00e0\u00a0 penser que\u00a0 j&rsquo;ai\u00a0 une certaine\u00a0 empathie\u00a0 pour l&rsquo;id\u00e9ologie\u00a0 marxiste.\u00a0 Il n&rsquo; en est\u00a0 rien,\u00a0 je pense que Marx, auquel je me suis beaucoup\u00a0 int\u00e9ress\u00e9,\u00a0 comme\u00a0 tout\u00a0 le\u00a0 monde,\u00a0 dans\u00a0 ma\u00a0 jeunesse,\u00a0 a seulement\u00a0 th\u00e9oris\u00e9 sous\u00a0 les termes\u00a0 de\u00a0 lutte des classes\u00a0 ce\u00a0 qui\u00a0 n&rsquo; est finalement que la transposition dans le domaine humain du principe d&rsquo;\u00e9go\u00efsme qui r\u00e9gente la vie et la biologie.\u00a0 Nous avons sur les animaux, l&rsquo;avantage d&rsquo;en avoir conscience et d&rsquo;\u00eatre dot\u00e9s d&rsquo;une sensibilit\u00e9 qui nous pousse \u00e0 nous \u00e9lever en essayant de corriger cet \u00e9go\u00efsme.<\/strong><\/p>\n<p><strong>\u00a0<\/strong><strong>Je ne pense donc\u00a0 pas\u00a0 que\u00a0 le\u00a0 mod\u00e8le\u00a0 id\u00e9al d&rsquo;organisation de\u00a0 soci\u00e9t\u00e9\u00a0 est celui de l&rsquo;appropriation collective des moyens de production. Le lib\u00e9ralisme concurrentiel me semble le seul capable de soutenir\u00a0 la soci\u00e9t\u00e9\u00a0 et\u00a0 de la nourrir. Il faut seulement que la collectivit\u00e9 n&rsquo;abandonne pas au march\u00e9 des \u00e9go\u00efsmes la production et la ma\u00eetrise d&rsquo;un minimum de services d&rsquo;int\u00e9r\u00eat g\u00e9n\u00e9ral et de biens vitaux. Ce \u00ab\u00a0seulement\u00a0\u00bb est ce qu&rsquo;on a perdu de vue. Ce lib\u00e9ralisme \u00ab\u00a0r\u00e9gul\u00e9\u00a0\u00bb est certes difficile \u00e0 installer et \u00e0 maintenir dans la soci\u00e9t\u00e9 mondialis\u00e9e que les grands groupes ont construit (pendant que Marx appelait les prol\u00e9taires de tous les pays \u00e0 s&rsquo;unir, ces groupes\u00a0 le\u00a0 faisaient\u00a0 sans\u00a0 le dire et mettaient en place des \u00ab\u00a0cliquets\u00a0\u00bb rendant le mouvement irr\u00e9versible. L&rsquo;Europe est un de ces \u00ab\u00a0cliquets\u00a0\u00bb).<\/strong><\/p>\n<p><strong>\u00a0Enfin, \u00ab\u00a0last but not least\u00a0\u00bb, je<\/strong><strong>\u00a0suis mari\u00e9 \u00e0 une femme que j&rsquo;adore (qui a fait une carri\u00e8re parall\u00e8le \u00e0 la mienne en qualit\u00e9 d&rsquo;administratrice g\u00e9n\u00e9rale des finances publiques) un fils et une belle fille \u00e9patants et trois petits enfants extraordinaires.<\/strong><\/p>\n<p><strong>\u00a0<\/strong><strong>Richard Lanteri<\/strong><\/p>\n<p>NB : l&rsquo;id\u00e9e de ce blog m&rsquo;est venue pendant le confinement du Corona. C&rsquo;est pourquoi les premiers articles sont consacr\u00e9s \u00e0 ce sujet, mais ce blog n&rsquo;a pas vocation \u00e0 ne traiter que ce point d&rsquo;actualit\u00e9<\/p>\n","protected":false},"excerpt":{"rendered":"<p>\u00a0 \u00a0Quand on lit un livre, une \u00e9tude, une chronique, un article quelconque, on aime savoir qui en est l&rsquo;auteur. Cela permet de se faire une id\u00e9e pr\u00e9alable de sa personnalit\u00e9, de ses domaines de comp\u00e9tence ou d&rsquo;exp\u00e9rience, pour le situer culturellement. Je suis n\u00e9 le 3 d\u00e9cembre\u00a0 1949 \u00e0 Menton (Alpes Maritimes). J&rsquo;ai fait [&hellip;]<\/p>\n","protected":false},"author":1,"featured_media":0,"parent":0,"menu_order":0,"comment_status":"closed","ping_status":"closed","template":"","meta":[],"_links":{"self":[{"href":"https:\/\/etudesetanalyses.fr\/index.php?rest_route=\/wp\/v2\/pages\/403"}],"collection":[{"href":"https:\/\/etudesetanalyses.fr\/index.php?rest_route=\/wp\/v2\/pages"}],"about":[{"href":"https:\/\/etudesetanalyses.fr\/index.php?rest_route=\/wp\/v2\/types\/page"}],"author":[{"embeddable":true,"href":"https:\/\/etudesetanalyses.fr\/index.php?rest_route=\/wp\/v2\/users\/1"}],"replies":[{"embeddable":true,"href":"https:\/\/etudesetanalyses.fr\/index.php?rest_route=%2Fwp%2Fv2%2Fcomments&post=403"}],"version-history":[{"count":19,"href":"https:\/\/etudesetanalyses.fr\/index.php?rest_route=\/wp\/v2\/pages\/403\/revisions"}],"predecessor-version":[{"id":883,"href":"https:\/\/etudesetanalyses.fr\/index.php?rest_route=\/wp\/v2\/pages\/403\/revisions\/883"}],"wp:attachment":[{"href":"https:\/\/etudesetanalyses.fr\/index.php?rest_route=%2Fwp%2Fv2%2Fmedia&parent=403"}],"curies":[{"name":"wp","href":"https:\/\/api.w.org\/{rel}","templated":true}]}}