{"id":316,"date":"2020-04-26T10:58:54","date_gmt":"2020-04-26T08:58:54","guid":{"rendered":"http:\/\/etudesl.cluster024.hosting.ovh.net\/?page_id=316"},"modified":"2020-05-28T19:21:57","modified_gmt":"2020-05-28T17:21:57","slug":"home","status":"publish","type":"page","link":"https:\/\/etudesetanalyses.fr\/","title":{"rendered":"ACCUEIL"},"content":{"rendered":"\r\n<p>&nbsp;<\/p>\r\n\r\n<figure class=\"wp-block-image\"><img loading=\"lazy\" width=\"945\" height=\"359\" class=\"wp-image-372\" src=\"http:\/\/etudesl.cluster024.hosting.ovh.net\/wp-content\/uploads\/2020\/04\/Pano-Paris-Menton-reduit.jpg\" alt=\"\" srcset=\"https:\/\/etudesetanalyses.fr\/wp-content\/uploads\/2020\/04\/Pano-Paris-Menton-reduit.jpg 945w, https:\/\/etudesetanalyses.fr\/wp-content\/uploads\/2020\/04\/Pano-Paris-Menton-reduit-300x114.jpg 300w, https:\/\/etudesetanalyses.fr\/wp-content\/uploads\/2020\/04\/Pano-Paris-Menton-reduit-768x292.jpg 768w\" sizes=\"(max-width: 945px) 100vw, 945px\" \/>k\r\n<figcaption><\/figcaption>\r\n<\/figure>\r\n\r\n<h2>(si ce blog vous para\u00eet int\u00e9ressant faites le conna\u00eetre)<\/h2>\r\n\r\n\r\n\r\n<p>\u00a0 \u00a0 \u00a0 \u00a0 \u00a0SI VOUS AIMERIEZ VOIR UN SUJET TRAITE, FAITES EN LA SUGGESTION<\/p>\r\n<p>RICHARD LANTERI\u00a0<\/p>\r\n","protected":false},"excerpt":{"rendered":"<p>&nbsp; k (si ce blog vous para\u00eet int\u00e9ressant faites le conna\u00eetre) \u00a0 \u00a0 \u00a0 \u00a0 \u00a0SI VOUS AIMERIEZ VOIR UN SUJET TRAITE, FAITES EN LA SUGGESTION RICHARD LANTERI\u00a0<\/p>\n","protected":false},"author":1,"featured_media":0,"parent":0,"menu_order":0,"comment_status":"closed","ping_status":"closed","template":"","meta":[],"_links":{"self":[{"href":"https:\/\/etudesetanalyses.fr\/index.php?rest_route=\/wp\/v2\/pages\/316"}],"collection":[{"href":"https:\/\/etudesetanalyses.fr\/index.php?rest_route=\/wp\/v2\/pages"}],"about":[{"href":"https:\/\/etudesetanalyses.fr\/index.php?rest_route=\/wp\/v2\/types\/page"}],"author":[{"embeddable":true,"href":"https:\/\/etudesetanalyses.fr\/index.php?rest_route=\/wp\/v2\/users\/1"}],"replies":[{"embeddable":true,"href":"https:\/\/etudesetanalyses.fr\/index.php?rest_route=%2Fwp%2Fv2%2Fcomments&post=316"}],"version-history":[{"count":24,"href":"https:\/\/etudesetanalyses.fr\/index.php?rest_route=\/wp\/v2\/pages\/316\/revisions"}],"predecessor-version":[{"id":720,"href":"https:\/\/etudesetanalyses.fr\/index.php?rest_route=\/wp\/v2\/pages\/316\/revisions\/720"}],"wp:attachment":[{"href":"https:\/\/etudesetanalyses.fr\/index.php?rest_route=%2Fwp%2Fv2%2Fmedia&parent=316"}],"curies":[{"name":"wp","href":"https:\/\/api.w.org\/{rel}","templated":true}]}}